{"id":109,"date":"2025-05-24T11:44:40","date_gmt":"2025-05-24T11:44:40","guid":{"rendered":"https:\/\/justynadabrowska.com\/?page_id=109"},"modified":"2025-05-27T21:38:11","modified_gmt":"2025-05-27T21:38:11","slug":"sychoterapeutka","status":"publish","type":"page","link":"https:\/\/justynadabrowska.com\/index.php\/sychoterapeutka\/","title":{"rendered":"psychoterapeutka"},"content":{"rendered":"<p>[et_pb_section fb_built=&#8221;1&#8243; admin_label=&#8221;Header&#8221; _builder_version=&#8221;4.25.1&#8243; _module_preset=&#8221;default&#8221; background_enable_color=&#8221;off&#8221; locked=&#8221;off&#8221; collapsed=&#8221;on&#8221; global_colors_info=&#8221;{%22gcid-545c17f1-4e53-478d-9e2b-03daafc524a2%22:%91%22background_color%22%93}&#8221;][et_pb_row column_structure=&#8221;1_2,1_2&#8243; _builder_version=&#8221;4.25.2&#8243; _module_preset=&#8221;default&#8221; global_colors_info=&#8221;{}&#8221;][et_pb_column type=&#8221;1_2&#8243; _builder_version=&#8221;4.25.2&#8243; _module_preset=&#8221;5549522c-e0df-4d15-a838-e5644fca3dae&#8221; custom_padding=&#8221;10%|10%|10%|10%|true|true&#8221; custom_padding_last_edited=&#8221;off|desktop&#8221; global_colors_info=&#8221;{%22gcid-834db33f-400f-4068-917d-2de62be3172e%22:%91%22border_color_all%22%93,%22gcid-primary-color%22:%91%22form_field_focus_text_color%22%93,%22gcid-2a386b1e-9149-40c6-b24d-5e9fedecf039%22:%91%22button_text_color%22%93}&#8221;][et_pb_image src=&#8221;https:\/\/justynadabrowska.com\/wp-content\/uploads\/2025\/05\/Justyna-Dabrowska_psychoterapeutka_autorka_redaktorka_portret_3_1100x1651px.jpg&#8221; title_text=&#8221;Justyna-D\u0105browska_psychoterapeutka_autorka_redaktorka_portret_3_1100x1651px&#8221; _builder_version=&#8221;4.27.4&#8243; _module_preset=&#8221;3a3b353d-8030-465f-9af8-e350bbe1d6c5&#8243; filter_saturate=&#8221;100%&#8221; border_width_all=&#8221;0px&#8221; locked=&#8221;off&#8221; global_colors_info=&#8221;{}&#8221;][\/et_pb_image][et_pb_button button_url=&#8221;@ET-DC@eyJkeW5hbWljIjp0cnVlLCJjb250ZW50IjoicG9zdF9saW5rX3VybF9wYWdlIiwic2V0dGluZ3MiOnsicG9zdF9pZCI6IjEwOSJ9fQ==@&#8221; button_text=&#8221;Kontakt&#8221; button_alignment=&#8221;center&#8221; _builder_version=&#8221;4.27.4&#8243; _dynamic_attributes=&#8221;button_url&#8221; _module_preset=&#8221;92eaccd2-ffea-4ebb-82ff-e123fec0fcc8&#8243; button_bg_color=&#8221;#58A6A1&#8243; button_border_radius=&#8221;100px&#8221; custom_margin=&#8221;80px||0px||false|false&#8221; custom_margin_tablet=&#8221;50px||||false|false&#8221; custom_margin_phone=&#8221;30px||||false|false&#8221; custom_margin_last_edited=&#8221;on|phone&#8221; animation_style=&#8221;zoom&#8221; locked=&#8221;off&#8221; global_colors_info=&#8221;{}&#8221;][\/et_pb_button][\/et_pb_column][et_pb_column type=&#8221;1_2&#8243; _builder_version=&#8221;4.25.1&#8243; _module_preset=&#8221;default&#8221; global_colors_info=&#8221;{}&#8221;][et_pb_heading title=&#8221;Psychoterapeutka&#8221; _builder_version=&#8221;4.25.1&#8243; _module_preset=&#8221;4c6e5231-6781-4ecc-8c77-f254a7fb9546&#8243; custom_margin=&#8221;||10px||false|false&#8221; locked=&#8221;off&#8221; global_colors_info=&#8221;{}&#8221;][\/et_pb_heading][et_pb_heading title=&#8221;Justyna D\u0105browska&#8221; _builder_version=&#8221;4.27.4&#8243; _module_preset=&#8221;4bf2f792-b6a1-4e5d-9516-8791a97ea02f&#8221; title_text_color=&#8221;gcid-secondary-color&#8221; locked=&#8221;off&#8221; global_colors_info=&#8221;{%22gcid-secondary-color%22:%91%22title_text_color%22%93}&#8221;][\/et_pb_heading][et_pb_blurb use_icon=&#8221;on&#8221; font_icon=&#8221;&#xe072;||divi||400&#8243; icon_color=&#8221;#80C7CB&#8221; image_icon_width=&#8221;32px&#8221; _builder_version=&#8221;4.27.4&#8243; _module_preset=&#8221;default&#8221; border_radii_image=&#8221;on|0px|0px|0px|0px&#8221; global_colors_info=&#8221;{}&#8221;]<\/p>\n<p>Jestem absolwentk\u0105 psychologii klinicznej na\u00a0Uniwersytecie Warszawskim.<\/p>\n<p>[\/et_pb_blurb][et_pb_blurb use_icon=&#8221;on&#8221; font_icon=&#8221;&#xe072;||divi||400&#8243; icon_color=&#8221;#80C7CB&#8221; image_icon_width=&#8221;32px&#8221; _builder_version=&#8221;4.27.4&#8243; _module_preset=&#8221;default&#8221; border_radii_image=&#8221;on|0px|0px|0px|0px&#8221; global_colors_info=&#8221;{}&#8221;]<\/p>\n<p>Uko\u0144czy\u0142am Studium Psychoterapii przy Laboratorium Psychoedukacji.<\/p>\n<p>[\/et_pb_blurb][et_pb_blurb use_icon=&#8221;on&#8221; font_icon=&#8221;&#xe072;||divi||400&#8243; icon_color=&#8221;#80C7CB&#8221; image_icon_width=&#8221;32px&#8221; _builder_version=&#8221;4.27.4&#8243; _module_preset=&#8221;default&#8221; border_radii_image=&#8221;on|0px|0px|0px|0px&#8221; global_colors_info=&#8221;{}&#8221;]<\/p>\n<p>Jestem certyfikowan\u0105 psychoterapeutk\u0105 Polskiego Towarzystwa Psychologicznego i\u00a0European Association for Psychotherapy.<\/p>\n<p>[\/et_pb_blurb][et_pb_text _builder_version=&#8221;4.27.0&#8243; _module_preset=&#8221;ffd25215-b48d-4fbc-a4f2-263d9c118183&#8243; global_colors_info=&#8221;{}&#8221;]<\/p>\n<p>Obecnie zajmuj\u0119 si\u0119 przede wszystkim <strong>psychoterapi\u0105 oko\u0142oporodow\u0105<\/strong>, kt\u00f3rej uczy\u0142am si\u0119 w <a href=\"https:\/\/www.annafreud.org\/\" target=\"_blank\" rel=\"noopener\" title=\"Centrum Anny Freud - odno\u015bnik\">Anna Freud Centre<\/a> w Londynie na kursie <em>Parent Infant Psychoanalytic Psychotherapy<\/em> pod kierunkiem Tessy Baradon.<\/p>\n<p>Prowadz\u0119 psychoterapi\u0119 indywidualn\u0105 w nurcie psychodynamicznym, w miar\u0119 potrzeb korzystaj\u0105c r\u00f3wnie\u017c z innych podej\u015b\u0107.\u2028 G\u0142\u00f3wnym obszarem moich zainteresowa\u0144 jest obecnie praca z kobiet\u0105 w ci\u0105\u017cy, w po\u0142ogu, z matk\u0105 i dzieckiem w pierwszym roku po porodzie. Je\u015bli jest taka potrzeba, konsultuj\u0119 m\u0142odych rodzic\u00f3w w ich domu.<\/p>\n<p>[\/et_pb_text][\/et_pb_column][\/et_pb_row][\/et_pb_section][et_pb_section fb_built=&#8221;1&#8243; disabled_on=&#8221;off|off|off&#8221; admin_label=&#8221;Subscribe&#8221; _builder_version=&#8221;4.27.0&#8243; _module_preset=&#8221;b2f0f903-1884-49cc-91b5-67b0c5cff831&#8243; background_color=&#8221;#BFC7C2&#8243; custom_padding=&#8221;20px||20px||true|false&#8221; locked=&#8221;off&#8221; collapsed=&#8221;on&#8221; global_colors_info=&#8221;{}&#8221;][et_pb_row column_structure=&#8221;1_2,1_2&#8243; _builder_version=&#8221;4.25.1&#8243; _module_preset=&#8221;default&#8221; global_colors_info=&#8221;{}&#8221;][et_pb_column type=&#8221;1_2&#8243; _builder_version=&#8221;4.25.1&#8243; _module_preset=&#8221;default&#8221; global_colors_info=&#8221;{}&#8221;][et_pb_heading title=&#8221;Spotkajmy si\u0119 w warszawskim Laboratorium Psychoedukacji&#8221; _builder_version=&#8221;4.27.4&#8243; _module_preset=&#8221;c33b9c23-46df-4d27-8dd9-9e814c0c1c2d&#8221; custom_margin=&#8221;||10px||false|false&#8221; locked=&#8221;off&#8221;][\/et_pb_heading][\/et_pb_column][et_pb_column type=&#8221;1_2&#8243; _builder_version=&#8221;4.25.1&#8243; _module_preset=&#8221;default&#8221; global_colors_info=&#8221;{}&#8221;][et_pb_button button_url=&#8221;https:\/\/rejestracja.lps.pl\/&#8221; url_new_window=&#8221;on&#8221; button_text=&#8221;Zapisy w laboratorium psychoedukacji&#8221; button_alignment=&#8221;center&#8221; _builder_version=&#8221;4.27.4&#8243; _module_preset=&#8221;default&#8221; button_bg_color=&#8221;#035F5B&#8221; button_border_width=&#8221;24px&#8221; button_icon=&#8221;&#x6c;||divi||400&#8243; animation_style=&#8221;zoom&#8221; global_colors_info=&#8221;{}&#8221;][\/et_pb_button][\/et_pb_column][\/et_pb_row][\/et_pb_section][et_pb_section fb_built=&#8221;1&#8243; admin_label=&#8221;About&#8221; _builder_version=&#8221;4.25.1&#8243; _module_preset=&#8221;default&#8221; locked=&#8221;off&#8221; collapsed=&#8221;on&#8221; global_colors_info=&#8221;{}&#8221;][et_pb_row _builder_version=&#8221;4.25.2&#8243; _module_preset=&#8221;5d061f27-fab7-47de-b037-4d59a271a38d&#8221; global_colors_info=&#8221;{}&#8221;][et_pb_column type=&#8221;4_4&#8243; _builder_version=&#8221;4.25.1&#8243; _module_preset=&#8221;default&#8221; global_colors_info=&#8221;{}&#8221;][et_pb_heading title=&#8221;Media&#8221; _builder_version=&#8221;4.27.4&#8243; _module_preset=&#8221;214ff0f0-ebdf-4ebf-b27d-55532042b669&#8243; custom_margin=&#8221;||10px||false|false&#8221; locked=&#8221;off&#8221; global_colors_info=&#8221;{}&#8221;][\/et_pb_heading][et_pb_text _builder_version=&#8221;4.27.0&#8243; _module_preset=&#8221;ffd25215-b48d-4fbc-a4f2-263d9c118183&#8243; locked=&#8221;off&#8221; global_colors_info=&#8221;{}&#8221;]<\/p>\n<p>Czasami wyst\u0119puj\u0119 w roli psychoterapeutki w mediach, udzielaj\u0105c wywiad\u00f3w lub pisz\u0105c teksty.<\/p>\n<p>[\/et_pb_text][et_pb_accordion _builder_version=&#8221;4.27.4&#8243; _module_preset=&#8221;default&#8221; global_colors_info=&#8221;{}&#8221;][et_pb_accordion_item title=&#8221;%22Instynkt macierzy\u0144ski nie istnieje%22&#8243; open=&#8221;on&#8221; _builder_version=&#8221;4.27.4&#8243; _module_preset=&#8221;default&#8221; global_colors_info=&#8221;{}&#8221;]<\/p>\n<p><a href=\"https:\/\/www.wysokieobcasy.pl\/wysokie-obcasy\/7,173910,28172916,justyna-dabrowska-instynkt-macierzynski-nie-istnieje-jest.html?disableRedirects=true\" target=\"_blank\" rel=\"noopener\">https:\/\/www.wysokieobcasy.pl\/wysokie-obcasy\/7,173910,28172916,justyna-dabrowska-instynkt-macierzynski-nie-istnieje-jest.html?disableRedirects=true<\/a><\/p>\n<p>[\/et_pb_accordion_item][et_pb_accordion_item title=&#8221;%22Wojna i my. Sk\u0105d bra\u0107 si\u0142\u0119?%22&#8243; _builder_version=&#8221;4.27.4&#8243; _module_preset=&#8221;default&#8221; global_colors_info=&#8221;{}&#8221; open=&#8221;off&#8221;]<\/p>\n<p><a href=\"https:\/\/www.tygodnikpowszechny.pl\/wojna-i-my-skad-brac-sile-rozmowa-z-psychoterapeutka-172548\" target=\"_blank\" rel=\"noopener\">https:\/\/www.tygodnikpowszechny.pl\/wojna-i-my-skad-brac-sile-rozmowa-z-psychoterapeutka-172548<\/a><\/p>\n<p>[\/et_pb_accordion_item][et_pb_accordion_item title=&#8221;%22Psychoterapia &#8211; rozmowa kt\u00f3ra leczy%22&#8243; _builder_version=&#8221;4.27.4&#8243; _module_preset=&#8221;default&#8221; global_colors_info=&#8221;{}&#8221; open=&#8221;off&#8221;]<\/p>\n<p><a href=\"https:\/\/kobieta.gazeta.pl\/kobieta\/7,107880,3692536,psychoterapia-rozmowa-ktora-leczy.html\" target=\"_blank\" rel=\"noopener\">https:\/\/kobieta.gazeta.pl\/kobieta\/7,107880,3692536,psychoterapia-rozmowa-ktora-leczy.html<\/a><\/p>\n<p>[\/et_pb_accordion_item][et_pb_accordion_item title=&#8221;%22Wywiad z Justyn\u0105 D\u0105browsk\u0105%22&#8243; _builder_version=&#8221;4.27.4&#8243; _module_preset=&#8221;default&#8221; global_colors_info=&#8221;{}&#8221; open=&#8221;off&#8221;]<\/p>\n<p><a href=\"https:\/\/zaginamrogi.pl\/wywiad-z-justyna-dabrowska\/\" target=\"_blank\" rel=\"noopener\" title=\"https:\/\/zaginamrogi.pl\/wywiad-z-justyna-dabrowska\/\">https:\/\/zaginamrogi.pl\/wywiad-z-justyna-dabrowska\/<\/a><\/p>\n<p>[\/et_pb_accordion_item][et_pb_accordion_item title=&#8221;%22Id\u0105c w Polsce do porodu trafiasz do maszyny losuj\u0105cej%22&#8243; _builder_version=&#8221;4.27.4&#8243; _module_preset=&#8221;default&#8221; global_colors_info=&#8221;{}&#8221; open=&#8221;off&#8221;]<\/p>\n<p><a href=\"https:\/\/www.tygodnikpowszechny.pl\/idac-w-polsce-do-porodu-trafiasz-do-maszyny-losujacej-183930\" target=\"_blank\" rel=\"noopener\">https:\/\/www.tygodnikpowszechny.pl\/idac-w-polsce-do-porodu-trafiasz-do-maszyny-losujacej-183930<\/a><\/p>\n<p>[\/et_pb_accordion_item][et_pb_accordion_item title=&#8221;%22Jaka Ty tu jeste\u015b pi\u0119kna%22&#8243; _builder_version=&#8221;4.27.4&#8243; _module_preset=&#8221;default&#8221; global_colors_info=&#8221;{}&#8221; open=&#8221;off&#8221;]<\/p>\n<p><a href=\"https:\/\/www.tygodnikpowszechny.pl\/jaka-ty-tu-jestes-piekna-165966\" target=\"_blank\" rel=\"noopener\">https:\/\/www.tygodnikpowszechny.pl\/jaka-ty-tu-jestes-piekna-165966<\/a><\/p>\n<p>[\/et_pb_accordion_item][\/et_pb_accordion][et_pb_video_slider _builder_version=&#8221;4.27.4&#8243; _module_preset=&#8221;default&#8221; filter_saturate=&#8221;0%&#8221; global_colors_info=&#8221;{}&#8221;][et_pb_video_slider_item src=&#8221;https:\/\/www.youtube.com\/watch?v=4NHIN9WTNik&#8221; _builder_version=&#8221;4.27.4&#8243; _module_preset=&#8221;default&#8221; global_colors_info=&#8221;{}&#8221; show_image_overlay=&#8221;on&#8221;][\/et_pb_video_slider_item][et_pb_video_slider_item src=&#8221;https:\/\/www.youtube.com\/watch?v=PBqfeq7whls&#8221; _builder_version=&#8221;4.27.4&#8243; _module_preset=&#8221;default&#8221; global_colors_info=&#8221;{}&#8221; show_image_overlay=&#8221;on&#8221;][\/et_pb_video_slider_item][et_pb_video_slider_item src=&#8221;https:\/\/www.youtube.com\/watch?v=gTC-mRv_LOg&#8221; _builder_version=&#8221;4.27.4&#8243; _module_preset=&#8221;default&#8221; global_colors_info=&#8221;{}&#8221; show_image_overlay=&#8221;on&#8221;][\/et_pb_video_slider_item][et_pb_video_slider_item src=&#8221;https:\/\/www.youtube.com\/watch?v=1TOQwP8lvcc&#8221; _builder_version=&#8221;4.27.4&#8243; _module_preset=&#8221;default&#8221; global_colors_info=&#8221;{}&#8221; show_image_overlay=&#8221;on&#8221;][\/et_pb_video_slider_item][et_pb_video_slider_item src=&#8221;https:\/\/www.youtube.com\/watch?v=gWNDY3_b2Fw&#8221; _builder_version=&#8221;4.27.4&#8243; _module_preset=&#8221;default&#8221; global_colors_info=&#8221;{}&#8221; show_image_overlay=&#8221;on&#8221;][\/et_pb_video_slider_item][et_pb_video_slider_item src=&#8221;https:\/\/www.youtube.com\/watch?v=EIIJNOSVpAg&#8221; _builder_version=&#8221;4.27.4&#8243; _module_preset=&#8221;default&#8221; global_colors_info=&#8221;{}&#8221; show_image_overlay=&#8221;on&#8221;][\/et_pb_video_slider_item][\/et_pb_video_slider][\/et_pb_column][\/et_pb_row][\/et_pb_section]<\/p>\n","protected":false},"excerpt":{"rendered":"<p>Jestem absolwentk\u0105 psychologii klinicznej na\u00a0Uniwersytecie Warszawskim.Uko\u0144czy\u0142am Studium Psychoterapii przy Laboratorium Psychoedukacji.Jestem certyfikowan\u0105 psychoterapeutk\u0105 Polskiego Towarzystwa Psychologicznego i\u00a0European Association for Psychotherapy.Obecnie zajmuj\u0119 si\u0119 przede wszystkim psychoterapi\u0105 oko\u0142oporodow\u0105, kt\u00f3rej uczy\u0142am si\u0119 w Anna Freud Centre w Londynie na kursie Parent Infant Psychoanalytic Psychotherapy pod kierunkiem Tessy Baradon. Prowadz\u0119 psychoterapi\u0119 indywidualn\u0105 w nurcie psychodynamicznym, w miar\u0119 potrzeb korzystaj\u0105c [&hellip;]<\/p>\n","protected":false},"author":1,"featured_media":0,"parent":0,"menu_order":0,"comment_status":"closed","ping_status":"closed","template":"","meta":{"_et_pb_use_builder":"on","_et_pb_old_content":"","_et_gb_content_width":"","footnotes":""},"class_list":["post-109","page","type-page","status-publish","hentry"],"_links":{"self":[{"href":"https:\/\/justynadabrowska.com\/index.php\/wp-json\/wp\/v2\/pages\/109","targetHints":{"allow":["GET"]}}],"collection":[{"href":"https:\/\/justynadabrowska.com\/index.php\/wp-json\/wp\/v2\/pages"}],"about":[{"href":"https:\/\/justynadabrowska.com\/index.php\/wp-json\/wp\/v2\/types\/page"}],"author":[{"embeddable":true,"href":"https:\/\/justynadabrowska.com\/index.php\/wp-json\/wp\/v2\/users\/1"}],"replies":[{"embeddable":true,"href":"https:\/\/justynadabrowska.com\/index.php\/wp-json\/wp\/v2\/comments?post=109"}],"version-history":[{"count":11,"href":"https:\/\/justynadabrowska.com\/index.php\/wp-json\/wp\/v2\/pages\/109\/revisions"}],"predecessor-version":[{"id":297,"href":"https:\/\/justynadabrowska.com\/index.php\/wp-json\/wp\/v2\/pages\/109\/revisions\/297"}],"wp:attachment":[{"href":"https:\/\/justynadabrowska.com\/index.php\/wp-json\/wp\/v2\/media?parent=109"}],"curies":[{"name":"wp","href":"https:\/\/api.w.org\/{rel}","templated":true}]}}