{"id":123,"date":"2025-05-24T11:44:40","date_gmt":"2025-05-24T11:44:40","guid":{"rendered":"https:\/\/justynadabrowska.com\/?page_id=123"},"modified":"2025-06-24T17:04:34","modified_gmt":"2025-06-24T17:04:34","slug":"redaktorka","status":"publish","type":"page","link":"https:\/\/justynadabrowska.com\/index.php\/redaktorka\/","title":{"rendered":"redaktorka"},"content":{"rendered":"<p>[et_pb_section fb_built=&#8221;1&#8243; admin_label=&#8221;Section&#8221; _builder_version=&#8221;4.27.4&#8243; _module_preset=&#8221;default&#8221; background_last_edited=&#8221;on|desktop&#8221; use_background_color_gradient_tablet=&#8221;on&#8221; use_background_color_gradient_phone=&#8221;on&#8221; background_color_gradient_direction_tablet=&#8221;180deg&#8221; background_color_gradient_stops_tablet=&#8221;rgba(255,255,255,0) 60%|gcid-2a386b1e-9149-40c6-b24d-5e9fedecf039 60%&#8221; background_color_gradient_stops_phone=&#8221;rgba(255,255,255,0) 60%|gcid-2a386b1e-9149-40c6-b24d-5e9fedecf039 60%&#8221; collapsed=&#8221;on&#8221; global_colors_info=&#8221;{}&#8221;][et_pb_row _builder_version=&#8221;4.27.4&#8243; _module_preset=&#8221;default&#8221; global_colors_info=&#8221;{}&#8221;][et_pb_column type=&#8221;4_4&#8243; _builder_version=&#8221;4.25.2&#8243; _module_preset=&#8221;default&#8221; global_colors_info=&#8221;{}&#8221;][et_pb_heading title=&#8221;Redaktorka&#8221; _builder_version=&#8221;4.27.4&#8243; _module_preset=&#8221;4c6e5231-6781-4ecc-8c77-f254a7fb9546&#8243; custom_margin=&#8221;||10px||false|false&#8221; global_colors_info=&#8221;{}&#8221;][\/et_pb_heading][et_pb_text _builder_version=&#8221;4.27.0&#8243; _module_preset=&#8221;default&#8221; global_colors_info=&#8221;{}&#8221;]<\/p>\n<p>Od roku 1995, przez 18 lat, prowadzi\u0142am miesi\u0119cznik \u201eDziecko\u201d &#8211; zdobywaj\u0105c du\u017c\u0105 praktyk\u0119 w pracy z autorami i ich tekstami. Do dzi\u015b cz\u0119\u015b\u0107 mojej aktywno\u015bci zawodowej jest po\u015bwi\u0119cona redagowaniu tekst\u00f3w. Najch\u0119tniej redaguj\u0119 wywiady i d\u0142u\u017csze rozmowy.<\/p>\n<p>[\/et_pb_text][et_pb_text _builder_version=&#8221;4.27.4&#8243; _module_preset=&#8221;default&#8221; global_colors_info=&#8221;{}&#8221;]<\/p>\n<p>Redagowa\u0142am wi\u0119kszo\u015b\u0107 ksi\u0105\u017cek wydanych przez Krytyk\u0119 Polityczn\u0105 w serii \u201eZ r\u00f3\u017c\u0105\u201d a tak\u017ce \u201eMatk\u0119 Feministk\u0119\u201d Agnieszki Graff. Szczeg\u00f3lnym przywilejem by\u0142a mo\u017cliwo\u015b\u0107 zredagowania \u201eOskar\u017cam Auschwitz\u201d oraz \u201eKsi\u0119gi Wyj\u015bcia\u201d Miko\u0142aja Grynberga. Zredagowa\u0142am r\u00f3wnie\u017c \u201eZakonnice odchodz\u0105 po cichu\u201d i \u201eIrlandia wstaje z kolan\u201d Marty Abramowicz.<\/p>\n<p>[\/et_pb_text][et_pb_button button_url=&#8221;@ET-DC@eyJkeW5hbWljIjp0cnVlLCJjb250ZW50IjoicG9zdF9saW5rX3VybF9wYWdlIiwic2V0dGluZ3MiOnsicG9zdF9pZCI6IjExNSJ9fQ==@&#8221; button_text=&#8221;kontakt&#8221; button_alignment=&#8221;left&#8221; _builder_version=&#8221;4.27.4&#8243; _dynamic_attributes=&#8221;button_url&#8221; _module_preset=&#8221;92eaccd2-ffea-4ebb-82ff-e123fec0fcc8&#8243; button_bg_color=&#8221;#A80285&#8243; button_border_radius=&#8221;100px&#8221; button_icon=&#8221;&#x45;||divi||400&#8243; transform_scale=&#8221;104%|104%&#8221; animation_style=&#8221;zoom&#8221; locked=&#8221;off&#8221; global_colors_info=&#8221;{}&#8221; transform_styles__hover_enabled=&#8221;on|desktop&#8221; transform_scale__hover_enabled=&#8221;on|desktop&#8221; transform_translate__hover_enabled=&#8221;on|desktop&#8221; transform_rotate__hover_enabled=&#8221;on|desktop&#8221; transform_skew__hover_enabled=&#8221;on|desktop&#8221; transform_origin__hover_enabled=&#8221;on|desktop&#8221; transform_scale__hover=&#8221;104%|104%&#8221;][\/et_pb_button][\/et_pb_column][\/et_pb_row][\/et_pb_section][et_pb_section fb_built=&#8221;1&#8243; admin_label=&#8221;Testimonial&#8221; _builder_version=&#8221;4.27.4&#8243; _module_preset=&#8221;929b8c81-903b-4a6c-affb-2dfcb5397edd&#8221; background_color=&#8221;#58A6A1&#8243; use_background_color_gradient=&#8221;on&#8221; background_color_gradient_stops=&#8221;rgba(43,135,218,0) 17%|rgba(0,0,0,0.55) 100%&#8221; background_color_gradient_overlays_image=&#8221;on&#8221; background_enable_image=&#8221;off&#8221; parallax=&#8221;on&#8221; background_blend=&#8221;darken&#8221; min_height=&#8221;200px&#8221; min_height_tablet=&#8221;200px&#8221; min_height_phone=&#8221;200px&#8221; min_height_last_edited=&#8221;on|phone&#8221; locked=&#8221;off&#8221; collapsed=&#8221;on&#8221; global_colors_info=&#8221;{}&#8221;][et_pb_row _builder_version=&#8221;4.27.4&#8243; _module_preset=&#8221;default&#8221; global_colors_info=&#8221;{}&#8221;][et_pb_column type=&#8221;4_4&#8243; _builder_version=&#8221;4.27.4&#8243; _module_preset=&#8221;default&#8221; global_colors_info=&#8221;{}&#8221;][et_pb_heading title=&#8221;Ksi\u0105\u017cki, kt\u00f3re redagowa\u0142am:&#8221; _builder_version=&#8221;4.27.4&#8243; _module_preset=&#8221;214ff0f0-ebdf-4ebf-b27d-55532042b669&#8243; title_level=&#8221;h3&#8243; title_text_align=&#8221;center&#8221; title_text_color=&#8221;#FFFFFF&#8221; custom_margin=&#8221;||10px||false|false&#8221; locked=&#8221;off&#8221;][\/et_pb_heading][\/et_pb_column][\/et_pb_row][\/et_pb_section][et_pb_section fb_built=&#8221;1&#8243; _builder_version=&#8221;4.27.4&#8243; _module_preset=&#8221;default&#8221; global_colors_info=&#8221;{}&#8221;][et_pb_row _builder_version=&#8221;4.27.4&#8243; _module_preset=&#8221;default&#8221; column_structure=&#8221;3_5,1_5,1_5&#8243; hover_enabled=&#8221;0&#8243; sticky_enabled=&#8221;0&#8243;][et_pb_column _builder_version=&#8221;4.27.4&#8243; _module_preset=&#8221;default&#8221; type=&#8221;3_5&#8243;][et_pb_divider _builder_version=&#8221;4.27.4&#8243; _module_preset=&#8221;default&#8221; hover_enabled=&#8221;0&#8243; sticky_enabled=&#8221;0&#8243; color=&#8221;#2D577B&#8221; width=&#8221;50%&#8221; module_alignment=&#8221;center&#8221;][\/et_pb_divider][et_pb_text _builder_version=&#8221;4.27.4&#8243; _module_preset=&#8221;default&#8221; hover_enabled=&#8221;0&#8243; sticky_enabled=&#8221;0&#8243;]<\/p>\n<h3 style=\"text-align: center;\">Seria z R\u00f3\u017c\u0105<\/h3>\n<p>[\/et_pb_text][et_pb_button url_new_window=&#8221;on&#8221; button_text=&#8221;krytykapolityczna.pl&#8221; button_alignment=&#8221;center&#8221; _builder_version=&#8221;4.27.4&#8243; _module_preset=&#8221;f88c0b16-7cb4-41aa-a352-fa290ab92714&#8243; hover_enabled=&#8221;0&#8243; locked=&#8221;off&#8221; global_colors_info=&#8221;{}&#8221; button_url=&#8221;https:\/\/wydawnictwo.krytykapolityczna.pl\/24-seria-roza&#8221; sticky_enabled=&#8221;0&#8243; custom_padding=&#8221;|0px||0px|true|true&#8221; button_text_color=&#8221;#A80285&#8243;][\/et_pb_button][et_pb_divider _builder_version=&#8221;4.27.4&#8243; _module_preset=&#8221;default&#8221; hover_enabled=&#8221;0&#8243; sticky_enabled=&#8221;0&#8243; color=&#8221;#2D577B&#8221; width=&#8221;50%&#8221; module_alignment=&#8221;center&#8221;][\/et_pb_divider][\/et_pb_column][et_pb_column _builder_version=&#8221;4.27.4&#8243; _module_preset=&#8221;default&#8221; type=&#8221;1_5&#8243;][\/et_pb_column][et_pb_column _builder_version=&#8221;4.27.4&#8243; _module_preset=&#8221;default&#8221; type=&#8221;1_5&#8243;][et_pb_image src=&#8221;https:\/\/justynadabrowska.com\/wp-content\/uploads\/2025\/06\/Justyna-Dabrowska_autorka_artykuly_prasowe_okladka_7.jpg&#8221; title_text=&#8221;Justyna-D\u0105browska_autorka_artyku\u0142y_prasowe_ok\u0142adka_7&#8243; url=&#8221;#&#8221; _builder_version=&#8221;4.27.4&#8243; _module_preset=&#8221;f21fbe5f-88e4-4164-80c5-5463807b31f3&#8243; hover_enabled=&#8221;0&#8243; box_shadow_color=&#8221;rgba(0,0,0,0.11)&#8221; locked=&#8221;off&#8221; global_colors_info=&#8221;{}&#8221; box_shadow_color__hover_enabled=&#8221;on|hover&#8221; box_shadow_color__hover=&#8221;&#8221; sticky_enabled=&#8221;0&#8243;][\/et_pb_image][et_pb_text _builder_version=&#8221;4.27.4&#8243; _module_preset=&#8221;default&#8221; hover_enabled=&#8221;0&#8243; global_colors_info=&#8221;{}&#8221; sticky_enabled=&#8221;0&#8243;]<\/p>\n<h6 style=\"text-align: center;\">&#8222;Wujec. Zwi\u0105zki przyjacielskie&#8221;<\/h6>\n<p style=\"text-align: center;\"><span style=\"font-size: medium;\">Micha\u0142 Sutowski, Ludwika Wujec<\/span><\/p>\n<p>[\/et_pb_text][\/et_pb_column][\/et_pb_row][et_pb_row column_structure=&#8221;1_5,1_5,1_5,1_5,1_5&#8243; _builder_version=&#8221;4.27.4&#8243; _module_preset=&#8221;default&#8221; global_colors_info=&#8221;{}&#8221;][et_pb_column type=&#8221;1_5&#8243; _builder_version=&#8221;4.27.4&#8243; _module_preset=&#8221;default&#8221; global_colors_info=&#8221;{}&#8221;][et_pb_image src=&#8221;https:\/\/justynadabrowska.com\/wp-content\/uploads\/2025\/06\/Justyna-Dabrowska_autorka_artykuly_prasowe_okladka_2.jpg&#8221; title_text=&#8221;Justyna-D\u0105browska_autorka_artyku\u0142y_prasowe_ok\u0142adka_2&#8243; url=&#8221;#&#8221; _builder_version=&#8221;4.27.4&#8243; _module_preset=&#8221;f21fbe5f-88e4-4164-80c5-5463807b31f3&#8243; hover_enabled=&#8221;0&#8243; box_shadow_color=&#8221;rgba(0,0,0,0.11)&#8221; locked=&#8221;off&#8221; global_colors_info=&#8221;{}&#8221; box_shadow_color__hover_enabled=&#8221;on|hover&#8221; box_shadow_color__hover=&#8221;&#8221; sticky_enabled=&#8221;0&#8243;][\/et_pb_image][et_pb_text _builder_version=&#8221;4.27.4&#8243; _module_preset=&#8221;default&#8221; hover_enabled=&#8221;0&#8243; global_colors_info=&#8221;{}&#8221; sticky_enabled=&#8221;0&#8243;]<\/p>\n<h6 style=\"text-align: center;\">&#8222;Bielik &#8211; Robson. \u017byj i pozw\u00f3l \u017cy\u0107&#8221;<\/h6>\n<p style=\"text-align: center;\">Agata Bielik-Robson, Micha\u0142 Sutowski<\/p>\n<p>[\/et_pb_text][\/et_pb_column][et_pb_column type=&#8221;1_5&#8243; _builder_version=&#8221;4.27.4&#8243; _module_preset=&#8221;default&#8221; global_colors_info=&#8221;{}&#8221;][et_pb_image src=&#8221;https:\/\/justynadabrowska.com\/wp-content\/uploads\/2025\/06\/Justyna-Dabrowska_autorka_artykuly_prasowe_okladka_4.jpg&#8221; title_text=&#8221;Justyna-D\u0105browska_autorka_artyku\u0142y_prasowe_ok\u0142adka_4&#8243; url=&#8221;#&#8221; _builder_version=&#8221;4.27.4&#8243; _module_preset=&#8221;f21fbe5f-88e4-4164-80c5-5463807b31f3&#8243; hover_enabled=&#8221;0&#8243; box_shadow_color=&#8221;rgba(0,0,0,0.11)&#8221; locked=&#8221;off&#8221; global_colors_info=&#8221;{}&#8221; box_shadow_color__hover_enabled=&#8221;on|hover&#8221; box_shadow_color__hover=&#8221;&#8221; sticky_enabled=&#8221;0&#8243;][\/et_pb_image][et_pb_text _builder_version=&#8221;4.27.4&#8243; _module_preset=&#8221;default&#8221; hover_enabled=&#8221;0&#8243; global_colors_info=&#8221;{}&#8221; sticky_enabled=&#8221;0&#8243;]<\/p>\n<h6 style=\"text-align: center;\">&#8222;Janion. Transe &#8211; traumy &#8211; transgresje. 1: Niedobre dzieci\u0119&#8221;<\/h6>\n<p style=\"text-align: center;\">Maria Janion, Kazimiera Szczuka<\/p>\n<p>[\/et_pb_text][\/et_pb_column][et_pb_column type=&#8221;1_5&#8243; _builder_version=&#8221;4.27.4&#8243; _module_preset=&#8221;default&#8221; global_colors_info=&#8221;{}&#8221;][et_pb_image src=&#8221;https:\/\/justynadabrowska.com\/wp-content\/uploads\/2025\/06\/Justyna-Dabrowska_autorka_artykuly_prasowe_okladka_3.jpg&#8221; title_text=&#8221;Justyna-D\u0105browska_autorka_artyku\u0142y_prasowe_ok\u0142adka_3&#8243; url=&#8221;#&#8221; _builder_version=&#8221;4.27.4&#8243; _module_preset=&#8221;f21fbe5f-88e4-4164-80c5-5463807b31f3&#8243; hover_enabled=&#8221;0&#8243; box_shadow_color=&#8221;rgba(0,0,0,0.11)&#8221; locked=&#8221;off&#8221; global_colors_info=&#8221;{}&#8221; box_shadow_color__hover_enabled=&#8221;on|hover&#8221; box_shadow_color__hover=&#8221;&#8221; sticky_enabled=&#8221;0&#8243;][\/et_pb_image][et_pb_text _builder_version=&#8221;4.27.4&#8243; _module_preset=&#8221;default&#8221; hover_enabled=&#8221;0&#8243; global_colors_info=&#8221;{}&#8221; sticky_enabled=&#8221;0&#8243;]<\/p>\n<h6 style=\"text-align: center;\">&#8222;Janion. Transe &#8211; traumy &#8211; transgresje. 2: Prof. Misia&#8221;<\/h6>\n<p style=\"text-align: center;\">Maria Janion, Kazimiera Szczuka<\/p>\n<p>[\/et_pb_text][\/et_pb_column][et_pb_column type=&#8221;1_5&#8243; _builder_version=&#8221;4.27.4&#8243; _module_preset=&#8221;default&#8221; global_colors_info=&#8221;{}&#8221;][et_pb_image src=&#8221;https:\/\/justynadabrowska.com\/wp-content\/uploads\/2025\/06\/Justyna-Dabrowska_autorka_artykuly_prasowe_okladka_5.png&#8221; title_text=&#8221;Justyna-D\u0105browska_autorka_artyku\u0142y_prasowe_ok\u0142adka_5&#8243; url=&#8221;#&#8221; _builder_version=&#8221;4.27.4&#8243; _module_preset=&#8221;f21fbe5f-88e4-4164-80c5-5463807b31f3&#8243; hover_enabled=&#8221;0&#8243; box_shadow_color=&#8221;rgba(0,0,0,0.11)&#8221; locked=&#8221;off&#8221; global_colors_info=&#8221;{}&#8221; box_shadow_color__hover_enabled=&#8221;on|hover&#8221; box_shadow_color__hover=&#8221;&#8221; sticky_enabled=&#8221;0&#8243;][\/et_pb_image][et_pb_text _builder_version=&#8221;4.27.4&#8243; _module_preset=&#8221;default&#8221; global_colors_info=&#8221;{}&#8221;]<\/p>\n<h6 style=\"text-align: center;\">&#8222;Szumowska. Kino to szko\u0142a przetrwania&#8221;<\/h6>\n<p style=\"text-align: center;\">Agnieszka Wi\u015bniewska<\/p>\n<p>[\/et_pb_text][\/et_pb_column][et_pb_column type=&#8221;1_5&#8243; _builder_version=&#8221;4.27.4&#8243; _module_preset=&#8221;default&#8221; global_colors_info=&#8221;{}&#8221;][et_pb_image src=&#8221;https:\/\/justynadabrowska.com\/wp-content\/uploads\/2025\/06\/Justyna-Dabrowska_autorka_artykuly_prasowe_okladka_6.jpg&#8221; title_text=&#8221;Justyna-D\u0105browska_autorka_artyku\u0142y_prasowe_ok\u0142adka_6&#8243; url=&#8221;#&#8221; _builder_version=&#8221;4.27.4&#8243; _module_preset=&#8221;f21fbe5f-88e4-4164-80c5-5463807b31f3&#8243; hover_enabled=&#8221;0&#8243; box_shadow_color=&#8221;rgba(0,0,0,0.11)&#8221; locked=&#8221;off&#8221; global_colors_info=&#8221;{}&#8221; box_shadow_color__hover_enabled=&#8221;on|hover&#8221; box_shadow_color__hover=&#8221;&#8221; sticky_enabled=&#8221;0&#8243;][\/et_pb_image][et_pb_text _builder_version=&#8221;4.27.4&#8243; _module_preset=&#8221;default&#8221; hover_enabled=&#8221;0&#8243; global_colors_info=&#8221;{}&#8221; sticky_enabled=&#8221;0&#8243;]<\/p>\n<h6 style=\"text-align: center;\">&#8222;Rottenberg. Ju\u017c trudno&#8221;<\/h6>\n<p style=\"text-align: center;\">Anda Rottenberg<\/p>\n<p>[\/et_pb_text][\/et_pb_column][\/et_pb_row][et_pb_row _builder_version=&#8221;4.27.4&#8243; _module_preset=&#8221;default&#8221; column_structure=&#8221;3_5,1_5,1_5&#8243; hover_enabled=&#8221;0&#8243; sticky_enabled=&#8221;0&#8243;][et_pb_column _builder_version=&#8221;4.27.4&#8243; _module_preset=&#8221;default&#8221; type=&#8221;3_5&#8243;][et_pb_divider _builder_version=&#8221;4.27.4&#8243; _module_preset=&#8221;default&#8221; hover_enabled=&#8221;0&#8243; sticky_enabled=&#8221;0&#8243; color=&#8221;#2D577B&#8221; width=&#8221;50%&#8221; module_alignment=&#8221;center&#8221;][\/et_pb_divider][et_pb_text _builder_version=&#8221;4.27.4&#8243; _module_preset=&#8221;default&#8221; hover_enabled=&#8221;0&#8243; sticky_enabled=&#8221;0&#8243;]<\/p>\n<h3 style=\"text-align: center;\">Inne<\/h3>\n<p>[\/et_pb_text][et_pb_divider _builder_version=&#8221;4.27.4&#8243; _module_preset=&#8221;default&#8221; hover_enabled=&#8221;0&#8243; sticky_enabled=&#8221;0&#8243; color=&#8221;#2D577B&#8221; width=&#8221;50%&#8221; module_alignment=&#8221;center&#8221;][\/et_pb_divider][\/et_pb_column][et_pb_column _builder_version=&#8221;4.27.4&#8243; _module_preset=&#8221;default&#8221; type=&#8221;1_5&#8243;][\/et_pb_column][et_pb_column _builder_version=&#8221;4.27.4&#8243; _module_preset=&#8221;default&#8221; type=&#8221;1_5&#8243;][\/et_pb_column][\/et_pb_row][et_pb_row column_structure=&#8221;1_5,1_5,1_5,1_5,1_5&#8243; _builder_version=&#8221;4.27.4&#8243; _module_preset=&#8221;default&#8221; global_colors_info=&#8221;{}&#8221;][et_pb_column type=&#8221;1_5&#8243; _builder_version=&#8221;4.27.4&#8243; _module_preset=&#8221;default&#8221; global_colors_info=&#8221;{}&#8221;][et_pb_image src=&#8221;https:\/\/justynadabrowska.com\/wp-content\/uploads\/2025\/06\/matka-feministka-redakcja-justyny-dabrowskiej-okladka.jpg&#8221; title_text=&#8221;matka-feministka-redakcja-justyny-d\u0105browskiej-ok\u0142adka&#8221; url=&#8221;#&#8221; _builder_version=&#8221;4.27.4&#8243; _module_preset=&#8221;f21fbe5f-88e4-4164-80c5-5463807b31f3&#8243; box_shadow_color=&#8221;rgba(0,0,0,0.11)&#8221; locked=&#8221;off&#8221; global_colors_info=&#8221;{}&#8221; box_shadow_color__hover_enabled=&#8221;on|hover&#8221; box_shadow_color__hover=&#8221;&#8221;][\/et_pb_image][et_pb_text _builder_version=&#8221;4.27.4&#8243; _module_preset=&#8221;default&#8221; global_colors_info=&#8221;{}&#8221;]<\/p>\n<h6 style=\"text-align: center;\">&#8222;Matka Feministka&#8221;<\/h6>\n<p style=\"text-align: center;\">Agnieszka Graff<\/p>\n<p>[\/et_pb_text][\/et_pb_column][et_pb_column type=&#8221;1_5&#8243; _builder_version=&#8221;4.27.4&#8243; _module_preset=&#8221;default&#8221; global_colors_info=&#8221;{}&#8221;][et_pb_image src=&#8221;https:\/\/justynadabrowska.com\/wp-content\/uploads\/2025\/06\/oskar_am.jpg&#8221; title_text=&#8221;oskar_am&#8221; url=&#8221;#&#8221; _builder_version=&#8221;4.27.4&#8243; _module_preset=&#8221;f21fbe5f-88e4-4164-80c5-5463807b31f3&#8243; box_shadow_color=&#8221;rgba(0,0,0,0.11)&#8221; locked=&#8221;off&#8221; global_colors_info=&#8221;{}&#8221; box_shadow_color__hover_enabled=&#8221;on|hover&#8221; box_shadow_color__hover=&#8221;&#8221;][\/et_pb_image][et_pb_text _builder_version=&#8221;4.27.4&#8243; _module_preset=&#8221;default&#8221; global_colors_info=&#8221;{}&#8221;]<\/p>\n<h6 style=\"text-align: center;\">&#8222;Oskar\u017cam Auschwitz&#8221;<\/h6>\n<p style=\"text-align: center;\">Miko\u0142aj Grynberg<\/p>\n<p>[\/et_pb_text][\/et_pb_column][et_pb_column type=&#8221;1_5&#8243; _builder_version=&#8221;4.27.4&#8243; _module_preset=&#8221;default&#8221; global_colors_info=&#8221;{}&#8221;][et_pb_image src=&#8221;https:\/\/justynadabrowska.com\/wp-content\/uploads\/2025\/06\/grynberg_ksiega_wyjscia_300_RGB.jpg&#8221; title_text=&#8221;grynberg_ksiega_wyjscia_300_RGB&#8221; url=&#8221;#&#8221; _builder_version=&#8221;4.27.4&#8243; _module_preset=&#8221;f21fbe5f-88e4-4164-80c5-5463807b31f3&#8243; box_shadow_color=&#8221;rgba(0,0,0,0.11)&#8221; locked=&#8221;off&#8221; global_colors_info=&#8221;{}&#8221; box_shadow_color__hover_enabled=&#8221;on|hover&#8221; box_shadow_color__hover=&#8221;&#8221;][\/et_pb_image][et_pb_text _builder_version=&#8221;4.27.4&#8243; _module_preset=&#8221;default&#8221; global_colors_info=&#8221;{}&#8221;]<\/p>\n<h6 style=\"text-align: center;\">&#8222;Ksi\u0119ga Wyj\u015bcia&#8221;<\/h6>\n<p style=\"text-align: center;\">Miko\u0142aj Grynberg<\/p>\n<p>[\/et_pb_text][\/et_pb_column][et_pb_column type=&#8221;1_5&#8243; _builder_version=&#8221;4.27.4&#8243; _module_preset=&#8221;default&#8221; global_colors_info=&#8221;{}&#8221;][et_pb_image src=&#8221;https:\/\/justynadabrowska.com\/wp-content\/uploads\/2025\/06\/Zakonnice-odchodza-po-cichu_redakcja_Justyny-Dabrowskiej-okladka.jpg&#8221; title_text=&#8221;Zakonnice-odchodz\u0105-po-cichu_redakcja_Justyny-D\u0105browskiej-ok\u0142adka&#8221; url=&#8221;#&#8221; _builder_version=&#8221;4.27.4&#8243; _module_preset=&#8221;f21fbe5f-88e4-4164-80c5-5463807b31f3&#8243; box_shadow_color=&#8221;rgba(0,0,0,0.11)&#8221; locked=&#8221;off&#8221; global_colors_info=&#8221;{}&#8221; box_shadow_color__hover_enabled=&#8221;on|hover&#8221; box_shadow_color__hover=&#8221;&#8221;][\/et_pb_image][et_pb_text _builder_version=&#8221;4.27.4&#8243; _module_preset=&#8221;default&#8221; global_colors_info=&#8221;{}&#8221;]<\/p>\n<h6 style=\"text-align: center;\">&#8222;Zakonnice odchodz\u0105 po cichu&#8221;<\/h6>\n<p style=\"text-align: center;\">Marta Abramowicz<\/p>\n<p>[\/et_pb_text][\/et_pb_column][et_pb_column type=&#8221;1_5&#8243; _builder_version=&#8221;4.27.4&#8243; _module_preset=&#8221;default&#8221; global_colors_info=&#8221;{}&#8221;][et_pb_image src=&#8221;https:\/\/justynadabrowska.com\/wp-content\/uploads\/2025\/06\/Irlandia-wstaje-z-kolan-redakcja-justyny-dabrowskiej-okladka.jpg&#8221; title_text=&#8221;Irlandia-wstaje-z-kolan-redakcja-justyny-d\u0105browskiej-ok\u0142adka&#8221; url=&#8221;#&#8221; _builder_version=&#8221;4.27.4&#8243; _module_preset=&#8221;f21fbe5f-88e4-4164-80c5-5463807b31f3&#8243; box_shadow_color=&#8221;rgba(0,0,0,0.11)&#8221; locked=&#8221;off&#8221; global_colors_info=&#8221;{}&#8221; box_shadow_color__hover_enabled=&#8221;on|hover&#8221; box_shadow_color__hover=&#8221;&#8221;][\/et_pb_image][et_pb_text _builder_version=&#8221;4.27.4&#8243; _module_preset=&#8221;default&#8221; global_colors_info=&#8221;{}&#8221;]<\/p>\n<h6 style=\"text-align: center;\">&#8222;Irlandia wstaje z kolan&#8221;<\/h6>\n<p style=\"text-align: center;\">Marta Abramowicz<\/p>\n<p>[\/et_pb_text][\/et_pb_column][\/et_pb_row][\/et_pb_section]<\/p>\n","protected":false},"excerpt":{"rendered":"<p>Od roku 1995, przez 18 lat, prowadzi\u0142am miesi\u0119cznik \u201eDziecko\u201d &#8211; zdobywaj\u0105c du\u017c\u0105 praktyk\u0119 w pracy z autorami i ich tekstami. Do dzi\u015b cz\u0119\u015b\u0107 mojej aktywno\u015bci zawodowej jest po\u015bwi\u0119cona redagowaniu tekst\u00f3w. Najch\u0119tniej redaguj\u0119 wywiady i d\u0142u\u017csze rozmowy.Redagowa\u0142am wi\u0119kszo\u015b\u0107 ksi\u0105\u017cek wydanych przez Krytyk\u0119 Polityczn\u0105 w serii \u201eZ r\u00f3\u017c\u0105\u201d a tak\u017ce \u201eMatk\u0119 Feministk\u0119\u201d Agnieszki Graff. Szczeg\u00f3lnym przywilejem by\u0142a [&hellip;]<\/p>\n","protected":false},"author":1,"featured_media":0,"parent":0,"menu_order":0,"comment_status":"closed","ping_status":"closed","template":"","meta":{"_et_pb_use_builder":"on","_et_pb_old_content":"","_et_gb_content_width":"","footnotes":""},"class_list":["post-123","page","type-page","status-publish","hentry"],"_links":{"self":[{"href":"https:\/\/justynadabrowska.com\/index.php\/wp-json\/wp\/v2\/pages\/123","targetHints":{"allow":["GET"]}}],"collection":[{"href":"https:\/\/justynadabrowska.com\/index.php\/wp-json\/wp\/v2\/pages"}],"about":[{"href":"https:\/\/justynadabrowska.com\/index.php\/wp-json\/wp\/v2\/types\/page"}],"author":[{"embeddable":true,"href":"https:\/\/justynadabrowska.com\/index.php\/wp-json\/wp\/v2\/users\/1"}],"replies":[{"embeddable":true,"href":"https:\/\/justynadabrowska.com\/index.php\/wp-json\/wp\/v2\/comments?post=123"}],"version-history":[{"count":7,"href":"https:\/\/justynadabrowska.com\/index.php\/wp-json\/wp\/v2\/pages\/123\/revisions"}],"predecessor-version":[{"id":408,"href":"https:\/\/justynadabrowska.com\/index.php\/wp-json\/wp\/v2\/pages\/123\/revisions\/408"}],"wp:attachment":[{"href":"https:\/\/justynadabrowska.com\/index.php\/wp-json\/wp\/v2\/media?parent=123"}],"curies":[{"name":"wp","href":"https:\/\/api.w.org\/{rel}","templated":true}]}}